{"id":7813,"date":"2021-04-25T00:40:02","date_gmt":"2021-04-25T06:40:02","guid":{"rendered":"https:\/\/www.trimac.com\/terms-of-use\/"},"modified":"2025-12-12T00:37:00","modified_gmt":"2025-12-12T07:37:00","slug":"terms-of-use","status":"publish","type":"page","link":"https:\/\/www.trimac.com\/fr\/terms-of-use\/","title":{"rendered":"Modalit\u00e9s d&rsquo;utilisation"},"content":{"rendered":"<p><strong>Propri\u00e9t\u00e9 intellectuelle<\/strong><br \/>\nSauf convention contraire, tout le mat\u00e9riel trouv\u00e9 sur trimac.ca\/clone (y compris mais non de fa\u00e7on limitative information, textes, images et dessins graphiques) est la propri\u00e9t\u00e9 de Trimac Transportation Services Limited Partnership et ne peut \u00eatre distribu\u00e9 ou reproduit de quelque mani\u00e8re que ce soit.<\/p>\n<p><strong>Liens<\/strong><br \/>\nLe pr\u00e9sent site Internet contient des hyperliens vers d\u2019autres sites Internet ; nous n\u2019acceptons aucune responsabilit\u00e9 \u00e0 propos du contenu de ces sites. Vous devrez signaler toute pr\u00e9occupation relative \u00e0 quelque autre site Internet que ce soit \u00e0 l\u2019administrateur ou au webmestre du site en question.<\/p>\n","protected":false},"excerpt":{"rendered":"<p>Propri\u00e9t\u00e9 intellectuelle Sauf convention contraire, tout le mat\u00e9riel trouv\u00e9 sur trimac.ca\/clone (y compris mais non de fa\u00e7on limitative information, textes, images et dessins graphiques) est la propri\u00e9t\u00e9 de Trimac Transportation Services Limited Partnership et ne peut \u00eatre distribu\u00e9 ou reproduit de quelque mani\u00e8re que ce soit. Liens Le pr\u00e9sent site Internet contient des hyperliens vers [&hellip;]<\/p>\n","protected":false},"author":1,"featured_media":0,"parent":0,"menu_order":0,"comment_status":"closed","ping_status":"closed","template":"","meta":{"_acf_changed":false,"_seopress_robots_primary_cat":"","_seopress_titles_title":"","_seopress_titles_desc":"","_seopress_robots_index":"","footnotes":""},"class_list":["post-7813","page","type-page","status-publish","hentry"],"acf":[],"_links":{"self":[{"href":"https:\/\/www.trimac.com\/fr\/wp-json\/wp\/v2\/pages\/7813","targetHints":{"allow":["GET"]}}],"collection":[{"href":"https:\/\/www.trimac.com\/fr\/wp-json\/wp\/v2\/pages"}],"about":[{"href":"https:\/\/www.trimac.com\/fr\/wp-json\/wp\/v2\/types\/page"}],"author":[{"embeddable":true,"href":"https:\/\/www.trimac.com\/fr\/wp-json\/wp\/v2\/users\/1"}],"replies":[{"embeddable":true,"href":"https:\/\/www.trimac.com\/fr\/wp-json\/wp\/v2\/comments?post=7813"}],"version-history":[{"count":3,"href":"https:\/\/www.trimac.com\/fr\/wp-json\/wp\/v2\/pages\/7813\/revisions"}],"predecessor-version":[{"id":8012,"href":"https:\/\/www.trimac.com\/fr\/wp-json\/wp\/v2\/pages\/7813\/revisions\/8012"}],"wp:attachment":[{"href":"https:\/\/www.trimac.com\/fr\/wp-json\/wp\/v2\/media?parent=7813"}],"curies":[{"name":"wp","href":"https:\/\/api.w.org\/{rel}","templated":true}]}}