{"id":7199,"date":"2021-04-28T02:22:17","date_gmt":"2021-04-28T08:22:17","guid":{"rendered":"https:\/\/www.trimac.com\/privacy-policy-2\/"},"modified":"2025-12-12T00:31:16","modified_gmt":"2025-12-12T07:31:16","slug":"privacy-policy","status":"publish","type":"page","link":"https:\/\/www.trimac.com\/fr\/privacy-policy\/","title":{"rendered":"D\u00e9claration de confidentialit\u00e9"},"content":{"rendered":"<p><strong>D\u00e9claration de confidentialit\u00e9<\/strong><br \/>\nMerci de visiter le site Internet de Trimac. Nous nous sommes engag\u00e9s \u00e0 respecter votre droit \u00e0 la vie priv\u00e9e et nous vous prot\u00e9gerons quand vous visiterez ce site Internet. En acc\u00e9dant, naviguant ou utilisant le pr\u00e9sent site, vous reconnaissez avoir lu, compris et accept\u00e9 les pratiques d\u00e9crites dans la pr\u00e9sente d\u00e9claration.<\/p>\n<p><strong>D\u00e9claration<\/strong><br \/>\nLa pr\u00e9sente D\u00e9claration de confidentialit\u00e9 d\u00e9crit la fa\u00e7on dont nous recueillons et utilisons l\u2019information relative \u00e0 ce site Internet. Nous recueillons les noms de domaines des visiteurs de ce site afin de mesurer le nombre de visites, les pages visit\u00e9es et la dur\u00e9e de temps moyenne pass\u00e9e sur le site. Nous recueillons \u00e9galement les adresses de courriel et autres coordonn\u00e9es de contact que vous nous fournissez lorsque pour nous envoyez des courriels. Nous utilisons cette information afin de vous transmettre l\u2019information que vous demandez. D\u2019autres renseignements concernant votre acc\u00e8s sur ce site peuvent \u00eatre journalis\u00e9es pour fins de s\u00e9curit\u00e9 interne de Trimac et pour fins d\u2019administration.<\/p>\n<p><strong>Liens<\/strong><br \/>\nCe site Web contient des liens vers d\u2019autres sites. Les politiques de droit \u00e0 la vie priv\u00e9e de ces autres sites peuvent diff\u00e9rer de la pr\u00e9sente d\u00e9claration. Ces politiques de confidentialit\u00e9 r\u00e9giront l\u2019utilisation de l\u2019information que vous leur transmettrez.<\/p>\n<p><strong>S\u00e9curit\u00e9<\/strong><br \/>\nNous avons d\u00e9velopp\u00e9 et continuons d\u2019am\u00e9liorer les proc\u00e9dures de s\u00e9curit\u00e9 afin de sauvegarder et prot\u00e9ger les renseignements personnels contre la perte, le vol, la divulgation non autoris\u00e9e, la copie et l\u2019utilisation ou la modification non autoris\u00e9e. Nous allons maintenir les proc\u00e9dures de sauvegarde et de s\u00e9curit\u00e9 appropri\u00e9es qui refl\u00e8tent les types de documents, y compris les registres \u00e9lectroniques et les registres papier, les mesures de l\u2019organisation y compris les autorisations s\u00e9curitaires et en limitant l\u2019acc\u00e8s sur la base du \u00ab besoin de conna\u00eetre \u00bb, et des mesures technologiques telles que l\u2019utilisation de mots de passe et du cryptage. La responsabilit\u00e9 vous incombe de prot\u00e9ger votre ID utilisateur et votre mot de passe.<\/p>\n<p><strong>Politique de confidentialit\u00e9<\/strong><br \/>\nAu Canada, la Trimac Transportation Ltd a d\u00e9velopp\u00e9 une politique de confidentialit\u00e9 concernant les renseignements personnels telle que l\u00e9gif\u00e9r\u00e9e par le gouvernement f\u00e9d\u00e9ral. Cette politique \u00e9tablit des normes \u00e9lev\u00e9es concernant la collecte, la divulgation et le stockage des renseignements personnels. Si vous croyez que les renseignements du Libre-service pour les employ\u00e9s sont erron\u00e9s ou incomplets, vous devriez contacter les ressources humaines.<\/p>\n<p><strong>Information personnes-ressources<\/strong><br \/>\nPour toute question au sujet de la politique de confidentialit\u00e9 de Trimac ou la D\u00e9claration de confidentialit\u00e9, veuillez contacter l\u2019agent du service de la protection de la vie priv\u00e9e au <a href=\"mailto:privacyofficer@trimac.com\">privacyofficer@trimac.com<\/a> ou au <a href=\"tel:403-298-5100\">403-298-5100<\/a>.<\/p>\n<p><strong>Ligne directrice communautaire<\/strong><br \/>\nLe but de Trimac est de livrer en toute s\u00e9curit\u00e9 des produits qui am\u00e9liorent la vie des gens. Nous travaillons dur pour aligner nos actions sur les m\u00e9dias sociaux avec notre objectif.<\/p>\n<p>Nous avons plusieurs canaux de m\u00e9dias sociaux que vous pouvez utiliser pour vous tenir au courant des nouvelles et des activit\u00e9s de Trimac. Nous avons \u00e9galement la responsabilit\u00e9 de g\u00e9rer ces canaux de mani\u00e8re appropri\u00e9e en fonction de l\u2019environnement dans lequel nous op\u00e9rons. En cons\u00e9quence, nous pouvons supprimer des publications, des graphiques, des commentaires, des vid\u00e9os, des photos ou tout autre contenu qui :<\/p>\n<ul>\n<li>Est potentiellement diffamatoire, diffamatoire ou d\u00e9sobligeant<\/li>\n<li>Violation du droit d\u2019auteur ou de la propri\u00e9t\u00e9 intellectuelle d\u2019autrui<\/li>\n<li>Condamne ou promeus les activit\u00e9s ill\u00e9gales<\/li>\n<li>Est trompeur, inexact, frauduleux, trompeur ou plagie des informations provenant d\u2019une autre source<\/li>\n<li>Utilise un langage vulgaire, discriminatoire, harcelant ou mena\u00e7ant<\/li>\n<li>Est un spam ou est destin\u00e9 \u00e0 provoquer des perturbations techniques dans les canaux<\/li>\n<li>Utilise des noms, des photographies, des voix, ou des ressemblances, ou divulgue des informations personnelles sur une personne<\/li>\n<li>Est soup\u00e7onn\u00e9 d\u2019avoir \u00e9t\u00e9 fait par une personne d\u2019 \u00e2ge mineure<\/li>\n<li>N\u2019est pas li\u00e9 au poste sous lequel il appara\u00eet<\/li>\n<li>Est la publicit\u00e9 d\u2019un autre produit ou service ou li\u00e9 \u00e0 d\u2019autres informations ou sites Web<\/li>\n<\/ul>\n<p>Tous les postes doivent \u00eatre conformes \u00e0 ces directives. Bien que nous pr\u00e9f\u00e9rions ne pas le faire, nous nous r\u00e9servons le droit d\u2019interdire toute publication r\u00e9p\u00e9t\u00e9e de mat\u00e9riel entrant dans les cat\u00e9gories ci-dessus \u00e0 partir de nos canaux.<\/p>\n<p><strong>Questions<\/strong>?<br \/>\nPour toute question au sujet de la politique de confidentialit\u00e9 de Trimac ou la D\u00e9claration de confidentialit\u00e9, veuillez contacter l\u2019agent du service de la protection de la vie priv\u00e9e au <a href=\"mailto:privacyofficer@trimac.com\">privacyofficer@trimac.com<\/a> au <a href=\"tel:403-298-5100\">403-298-5100<\/a>.<\/p>\n<p><strong>Trimac Transportation Services Inc.<\/strong><br \/>\n700-II, 326 11 Ave SW<br \/>\nCalgary, AB T2R 0C5<br \/>\nCanada<\/p>\n<p>Phone: <a href=\"tel:4032985100\">(403) 298-5100<\/a><br \/>\nFax: (403) 298-5272<\/p>\n","protected":false},"excerpt":{"rendered":"<p>D\u00e9claration de confidentialit\u00e9 Merci de visiter le site Internet de Trimac. Nous nous sommes engag\u00e9s \u00e0 respecter votre droit \u00e0 la vie priv\u00e9e et nous vous prot\u00e9gerons quand vous visiterez ce site Internet. En acc\u00e9dant, naviguant ou utilisant le pr\u00e9sent site, vous reconnaissez avoir lu, compris et accept\u00e9 les pratiques d\u00e9crites dans la pr\u00e9sente d\u00e9claration. [&hellip;]<\/p>\n","protected":false},"author":1,"featured_media":0,"parent":0,"menu_order":0,"comment_status":"closed","ping_status":"closed","template":"","meta":{"_acf_changed":false,"_seopress_robots_primary_cat":"","_seopress_titles_title":"","_seopress_titles_desc":"","_seopress_robots_index":"","footnotes":""},"class_list":["post-7199","page","type-page","status-publish","hentry"],"acf":[],"_links":{"self":[{"href":"https:\/\/www.trimac.com\/fr\/wp-json\/wp\/v2\/pages\/7199","targetHints":{"allow":["GET"]}}],"collection":[{"href":"https:\/\/www.trimac.com\/fr\/wp-json\/wp\/v2\/pages"}],"about":[{"href":"https:\/\/www.trimac.com\/fr\/wp-json\/wp\/v2\/types\/page"}],"author":[{"embeddable":true,"href":"https:\/\/www.trimac.com\/fr\/wp-json\/wp\/v2\/users\/1"}],"replies":[{"embeddable":true,"href":"https:\/\/www.trimac.com\/fr\/wp-json\/wp\/v2\/comments?post=7199"}],"version-history":[{"count":5,"href":"https:\/\/www.trimac.com\/fr\/wp-json\/wp\/v2\/pages\/7199\/revisions"}],"predecessor-version":[{"id":7807,"href":"https:\/\/www.trimac.com\/fr\/wp-json\/wp\/v2\/pages\/7199\/revisions\/7807"}],"wp:attachment":[{"href":"https:\/\/www.trimac.com\/fr\/wp-json\/wp\/v2\/media?parent=7199"}],"curies":[{"name":"wp","href":"https:\/\/api.w.org\/{rel}","templated":true}]}}