{"id":7193,"date":"2021-04-27T22:12:59","date_gmt":"2021-04-28T04:12:59","guid":{"rendered":"https:\/\/www.trimac.com\/accessibility\/"},"modified":"2025-12-17T22:07:16","modified_gmt":"2025-12-18T05:07:16","slug":"accessibility","status":"publish","type":"page","link":"https:\/\/www.trimac.com\/fr\/accessibility\/","title":{"rendered":"Accessibilit\u00e9"},"content":{"rendered":"<h4>D\u00e9claration d\u2019accessibilit\u00e9<\/h4>\n<p>Chez Trimac, nous pensons que vous ne devriez jamais avoir \u00e0 faire de compromis sur la s\u00e9curit\u00e9. C\u2019est pourquoi nous travaillons si dur pour former notre personnel et nos partenaires afin de fournir un service de haute qualit\u00e9 \u00e0 chaque \u00e9tape.<\/p>\n<p>Dans le cadre de notre engagement envers la qualit\u00e9, nous accordons la m\u00eame attention aux d\u00e9tails sur nos propri\u00e9t\u00e9s num\u00e9riques. C\u2019est pourquoi nous sommes fiers de nous conformer aux Directives pour l\u2019accessibilit\u00e9 aux contenus Web (WCAG) 2.0, niveau AA, et de respecter les Normes de conception accessible de la Loi sur l\u2019accessibilit\u00e9 pour les personnes handicap\u00e9es de l\u2019Ontario (LAPHO), ainsi que d\u2019autres r\u00e9glementations applicables.<\/p>\n<p>Nous examinons et am\u00e9liorons nos produits num\u00e9riques gr\u00e2ce \u00e0 des audits continus et \u00e0 une gouvernance interne. Tout ce que nous faisons est conforme aux meilleures pratiques et est soutenu par une \u00e9quipe diversifi\u00e9e de professionnels de l\u2019accessibilit\u00e9, y compris des utilisateurs de technologies d\u2019assistance.<\/p>\n<p>Nous voulons vous entendre si vous rencontrez des obstacles \u00e0 l\u2019accessibilit\u00e9 sur nos propri\u00e9t\u00e9s num\u00e9riques. Veuillez contacter notre \u00e9quipe de service \u00e0 la client\u00e8le.<\/p>\n","protected":false},"excerpt":{"rendered":"<p>D\u00e9claration d\u2019accessibilit\u00e9 Chez Trimac, nous pensons que vous ne devriez jamais avoir \u00e0 faire de compromis sur la s\u00e9curit\u00e9. C\u2019est pourquoi nous travaillons si dur pour former notre personnel et nos partenaires afin de fournir un service de haute qualit\u00e9 \u00e0 chaque \u00e9tape. Dans le cadre de notre engagement envers la qualit\u00e9, nous accordons la [&hellip;]<\/p>\n","protected":false},"author":1,"featured_media":0,"parent":0,"menu_order":0,"comment_status":"closed","ping_status":"closed","template":"","meta":{"_acf_changed":false,"_seopress_robots_primary_cat":"","_seopress_titles_title":"","_seopress_titles_desc":"","_seopress_robots_index":"","footnotes":""},"class_list":["post-7193","page","type-page","status-publish","hentry"],"acf":[],"_links":{"self":[{"href":"https:\/\/www.trimac.com\/fr\/wp-json\/wp\/v2\/pages\/7193","targetHints":{"allow":["GET"]}}],"collection":[{"href":"https:\/\/www.trimac.com\/fr\/wp-json\/wp\/v2\/pages"}],"about":[{"href":"https:\/\/www.trimac.com\/fr\/wp-json\/wp\/v2\/types\/page"}],"author":[{"embeddable":true,"href":"https:\/\/www.trimac.com\/fr\/wp-json\/wp\/v2\/users\/1"}],"replies":[{"embeddable":true,"href":"https:\/\/www.trimac.com\/fr\/wp-json\/wp\/v2\/comments?post=7193"}],"version-history":[{"count":3,"href":"https:\/\/www.trimac.com\/fr\/wp-json\/wp\/v2\/pages\/7193\/revisions"}],"predecessor-version":[{"id":9563,"href":"https:\/\/www.trimac.com\/fr\/wp-json\/wp\/v2\/pages\/7193\/revisions\/9563"}],"wp:attachment":[{"href":"https:\/\/www.trimac.com\/fr\/wp-json\/wp\/v2\/media?parent=7193"}],"curies":[{"name":"wp","href":"https:\/\/api.w.org\/{rel}","templated":true}]}}